{"id":317,"date":"2015-02-10T11:17:02","date_gmt":"2015-02-10T08:17:02","guid":{"rendered":"http:\/\/www.ihkunaabeli.net\/?page_id=317"},"modified":"2021-02-07T22:38:29","modified_gmt":"2021-02-07T19:38:29","slug":"julkaisut","status":"publish","type":"page","link":"http:\/\/www.ihkunaabeli.net\/?page_id=317","title":{"rendered":"Julkaisut"},"content":{"rendered":"<p>Julkaisut uusin ensin j\u00e4rjestyksess\u00e4:<\/p>\n<p><strong>Mit\u00e4 t\u00e4nne j\u00e4\u00e4?<\/strong> -novelli Portti 3\/2020.<\/p>\n<p><strong>J\u00e4tes\u00e4kkej\u00e4 lainaamassa eli puskafarssi 2020<\/strong>, <strong>Lapsi vedess\u00e4<\/strong> ja <strong>Maa-asennusnaiset<\/strong> (Lapiot k\u00e4teen, tytt\u00e4ret -kokoelma, Kolkkokollektiivi 2019)<\/p>\n<p><strong>Tasku<\/strong> (H\u00e4nen huulensa ovat mets\u00e4 -kokoelma, Kulttuuriyhdistys Korppi 2017)<\/p>\n<p>Satu Piispa-Hakala (toim.): <strong>Tavallisen vierest\u00e4<\/strong> &#8211; proosaa ja runoja. Rantasalmen kirjoittajayhdistys Ernesti ry 2016.<\/p>\n<figure id=\"attachment_392\" aria-describedby=\"caption-attachment-392\" style=\"width: 185px\" class=\"wp-caption alignleft\"><a href=\"http:\/\/www.ihkunaabeli.net\/wp-content\/uploads\/2015\/02\/Tavallisen-kansi-1.jpg\" rel=\"attachment wp-att-392\"><img loading=\"lazy\" decoding=\"async\" class=\"size-medium wp-image-392\" src=\"http:\/\/www.ihkunaabeli.net\/wp-content\/uploads\/2015\/02\/Tavallisen-kansi-1-185x300.jpg\" alt=\"Ernesti ry:n 35-vuotisjuhlajulkaisu!\" width=\"185\" height=\"300\" srcset=\"http:\/\/www.ihkunaabeli.net\/wp-content\/uploads\/2015\/02\/Tavallisen-kansi-1-185x300.jpg 185w, http:\/\/www.ihkunaabeli.net\/wp-content\/uploads\/2015\/02\/Tavallisen-kansi-1-768x1245.jpg 768w, http:\/\/www.ihkunaabeli.net\/wp-content\/uploads\/2015\/02\/Tavallisen-kansi-1-632x1024.jpg 632w\" sizes=\"auto, (max-width: 185px) 100vw, 185px\" \/><\/a><figcaption id=\"caption-attachment-392\" class=\"wp-caption-text\">Ernesti ry:n 35-vuotisjuhlajulkaisu!<\/figcaption><\/figure>\n<p>&nbsp;<\/p>\n<p>&nbsp;<\/p>\n<p>&nbsp;<\/p>\n<p>&nbsp;<\/p>\n<p>&nbsp;<\/p>\n<p>&nbsp;<\/p>\n<p>&nbsp;<\/p>\n<p><strong>Todistaja<\/strong>-novelli Mari M\u00f6r\u00f6n toimittamassa Enkelikello-kokoelmassa. Parafraasi 2016.<\/p>\n<p><strong>Himorock &#8211; enemp\u00e4\u00e4 et saa<\/strong> -musiikkin\u00e4ytelm\u00e4n k\u00e4sikirjoitus yhdess\u00e4 Wilhelm Grotenfeltin ja Johanna Kuusiston kanssa. Juvan lukioteatteri 2016.<\/p>\n<p>Satu Piispa-Hakala: <strong>Pieni\u00e4 sankaritekoja<\/strong>. Aarni 2015.<\/p>\n<figure id=\"attachment_318\" aria-describedby=\"caption-attachment-318\" style=\"width: 203px\" class=\"wp-caption alignleft\"><a href=\"http:\/\/www.ihkunaabeli.net\/wp-content\/uploads\/2015\/02\/kansi.jpg\"><img loading=\"lazy\" decoding=\"async\" class=\"wp-image-318 size-medium\" src=\"http:\/\/www.ihkunaabeli.net\/wp-content\/uploads\/2015\/02\/kansi-203x300.jpg\" alt=\"kansi\" width=\"203\" height=\"300\" srcset=\"http:\/\/www.ihkunaabeli.net\/wp-content\/uploads\/2015\/02\/kansi-203x300.jpg 203w, http:\/\/www.ihkunaabeli.net\/wp-content\/uploads\/2015\/02\/kansi.jpg 554w\" sizes=\"auto, (max-width: 203px) 100vw, 203px\" \/><\/a><figcaption id=\"caption-attachment-318\" class=\"wp-caption-text\">Esikoinen!<\/figcaption><\/figure>\n<p>&nbsp;<\/p>\n<p>&nbsp;<\/p>\n<p>&nbsp;<\/p>\n<p>&nbsp;<\/p>\n<p>&nbsp;<\/p>\n<p>&nbsp;<\/p>\n<p>&nbsp;<\/p>\n<p>Satu Piispa-Hakala (toim.) : <strong>My\u00f6 otettiin l\u00f6t\u00f6t<\/strong> &#8211; lapsena sota-ajan Mikkeliss\u00e4. Mikkelin Setlementti ry 2014.<\/p>\n<p><a href=\"http:\/\/www.ihkunaabeli.net\/wp-content\/uploads\/2015\/02\/l\u00f6t\u00f6t_kansi_jee.jpg\"><img loading=\"lazy\" decoding=\"async\" class=\" size-medium wp-image-319 alignleft\" src=\"http:\/\/www.ihkunaabeli.net\/wp-content\/uploads\/2015\/02\/l\u00f6t\u00f6t_kansi_jee-213x300.jpg\" alt=\"l\u00f6t\u00f6t_kansi_jee\" width=\"213\" height=\"300\" srcset=\"http:\/\/www.ihkunaabeli.net\/wp-content\/uploads\/2015\/02\/l\u00f6t\u00f6t_kansi_jee-213x300.jpg 213w, http:\/\/www.ihkunaabeli.net\/wp-content\/uploads\/2015\/02\/l\u00f6t\u00f6t_kansi_jee-728x1024.jpg 728w, http:\/\/www.ihkunaabeli.net\/wp-content\/uploads\/2015\/02\/l\u00f6t\u00f6t_kansi_jee.jpg 757w\" sizes=\"auto, (max-width: 213px) 100vw, 213px\" \/><\/a><\/p>\n<p>&nbsp;<\/p>\n<p>&nbsp;<\/p>\n<p>&nbsp;<\/p>\n<p>&nbsp;<\/p>\n<p>&nbsp;<\/p>\n<p>&nbsp;<\/p>\n<p>&nbsp;<\/p>\n<p>Tavarataivas. Mikkelin kirjoittajien antologia. Anne Leinonen, Satu Piispa-Hakala ja Ulla-Maija V\u00e4nttinen (toim.). Mikkelin kirjoittajat 2014.<\/p>\n<p>Laitahy\u00f6kk\u00e4\u00e4j\u00e4-novelli Mari M\u00f6r\u00f6n verkkokirjoittajakoulutuksen Ihmisten tavoille -antologiassa. Parafraasi 2012.<\/p>\n<p>Sivullisia-novelli Saranakohtia-antologiassa. Maaseudun sivistysliitto 2010.<\/p>\n<p>Musta norsu -novelli ja runoja Kaksospellehyppy-antologiassa. Mikkelin kirjoittajat 2010.<\/p>\n","protected":false},"excerpt":{"rendered":"<p>Julkaisut uusin ensin j\u00e4rjestyksess\u00e4: Mit\u00e4 t\u00e4nne j\u00e4\u00e4? -novelli Portti 3\/2020. J\u00e4tes\u00e4kkej\u00e4 lainaamassa eli puskafarssi 2020, Lapsi vedess\u00e4 ja Maa-asennusnaiset (Lapiot k\u00e4teen, tytt\u00e4ret -kokoelma, Kolkkokollektiivi 2019) Tasku (H\u00e4nen huulensa ovat mets\u00e4 -kokoelma, Kulttuuriyhdistys Korppi 2017) Satu Piispa-Hakala (toim.): Tavallisen vierest\u00e4 &#8211; proosaa ja runoja. Rantasalmen kirjoittajayhdistys Ernesti ry 2016. &nbsp; &nbsp; &nbsp; &nbsp; &nbsp; &nbsp; &nbsp; &hellip; <a href=\"http:\/\/www.ihkunaabeli.net\/?page_id=317\" class=\"more-link\">Jatka artikkeliin <span class=\"screen-reader-text\">Julkaisut<\/span><\/a><\/p>\n","protected":false},"author":1,"featured_media":0,"parent":0,"menu_order":0,"comment_status":"closed","ping_status":"closed","template":"","meta":{"footnotes":""},"class_list":["post-317","page","type-page","status-publish","hentry"],"_links":{"self":[{"href":"http:\/\/www.ihkunaabeli.net\/index.php?rest_route=\/wp\/v2\/pages\/317","targetHints":{"allow":["GET"]}}],"collection":[{"href":"http:\/\/www.ihkunaabeli.net\/index.php?rest_route=\/wp\/v2\/pages"}],"about":[{"href":"http:\/\/www.ihkunaabeli.net\/index.php?rest_route=\/wp\/v2\/types\/page"}],"author":[{"embeddable":true,"href":"http:\/\/www.ihkunaabeli.net\/index.php?rest_route=\/wp\/v2\/users\/1"}],"replies":[{"embeddable":true,"href":"http:\/\/www.ihkunaabeli.net\/index.php?rest_route=%2Fwp%2Fv2%2Fcomments&post=317"}],"version-history":[{"count":11,"href":"http:\/\/www.ihkunaabeli.net\/index.php?rest_route=\/wp\/v2\/pages\/317\/revisions"}],"predecessor-version":[{"id":450,"href":"http:\/\/www.ihkunaabeli.net\/index.php?rest_route=\/wp\/v2\/pages\/317\/revisions\/450"}],"wp:attachment":[{"href":"http:\/\/www.ihkunaabeli.net\/index.php?rest_route=%2Fwp%2Fv2%2Fmedia&parent=317"}],"curies":[{"name":"wp","href":"https:\/\/api.w.org\/{rel}","templated":true}]}}