{"id":235,"date":"2014-02-22T20:21:25","date_gmt":"2014-02-22T17:21:25","guid":{"rendered":"http:\/\/www.ihkunaabeli.net\/?page_id=235"},"modified":"2015-10-22T13:48:40","modified_gmt":"2015-10-22T10:48:40","slug":"etusivu","status":"publish","type":"page","link":"https:\/\/www.ihkunaabeli.net\/","title":{"rendered":"Etusivu"},"content":{"rendered":"<p><em>Kun lukee, tahtoo kirjoittaa. Kun kirjoittaa, toivoo ett\u00e4 joku lukisi. Kun l\u00f6yt\u00e4\u00e4 kirjoittamalla hyvinvointia, haluaa samaa my\u00f6s muille.<\/em><\/p>\n<p>Ota kyn\u00e4 k\u00e4teen, laske se paperille ja ala kirjoittaa. Olet paras asiantuntija, kun kyse on sinusta. Jokainen osaa kirjoittaa itselleen hyvinvointia. Jos kirjoitat mieluummin ilman kyn\u00e4\u00e4, pimenn\u00e4 tai peit\u00e4 n\u00e4ytt\u00f6 ja anna n\u00e4ppiksen laulaa. Oivallus asuu virheiss\u00e4, typoissa. Anna menn\u00e4 vaan, ei aina tarvitse olla harkittu ja j\u00e4sennelty.<\/p>\n<p>Kirjallisuusterapiaohjaajana annan virikkeit\u00e4 ja innostan. Rakentelen kanssasi prosessia, jossa ilo luovuudesta lis\u00e4\u00e4ntyy ja itsetuntemus kasvaa.<\/p>\n<p>Ohjaan yksil\u00f6it\u00e4 ja ryhmi\u00e4, kasvokkain ja verkkovetoisesti. T\u00e4h\u00e4n menness\u00e4 olen sytytellyt luovaan ilmaisuun kansalaisopistoissa ja auttanut l\u00f6yt\u00e4m\u00e4\u00e4n kirjoittamalla voimavaroja v\u00e4kivaltaa kohdanneiden ryhmiss\u00e4. Ihkunaabeli sis\u00e4lt\u00e4\u00e4 virikkeit\u00e4 ja tiedotusta. Ota rohkeasti yhteytt\u00e4, niin rakennetaan sinulle sopiva paketti.<\/p>\n<p><a href=\"http:\/\/www.ihkunaabeli.net\/wp-content\/uploads\/2015\/02\/kansi.jpg\"><img loading=\"lazy\" decoding=\"async\" class=\"alignleft wp-image-318 size-medium\" src=\"http:\/\/www.ihkunaabeli.net\/wp-content\/uploads\/2015\/02\/kansi-203x300.jpg\" alt=\"\" width=\"203\" height=\"300\" srcset=\"https:\/\/www.ihkunaabeli.net\/wp-content\/uploads\/2015\/02\/kansi-203x300.jpg 203w, https:\/\/www.ihkunaabeli.net\/wp-content\/uploads\/2015\/02\/kansi.jpg 554w\" sizes=\"auto, (max-width: 203px) 100vw, 203px\" \/><\/a><\/p>\n<p>Olen my\u00f6s kirjailija ja teen, no kirjailijan hommia eli kirjoitan, mutta my\u00f6s esiinnyn, puhun ja kertoilen Pieni\u00e4 sankaritekoja -romaanista sek\u00e4 kirjoittamisesta yleens\u00e4.<\/p>\n<p>My\u00f6s edellisten yhdistelm\u00e4 on mahdollinen; kerron kirjoittamisesta ja kirjoitutan.<\/p>\n<p>Vasemmalla valikossa on kuvalinkit Facebookiin, Instagramiin ja Twitteriin. Uusimmat kuulumiset voi seurata n\u00e4iss\u00e4 palveluissa.<\/p>\n<p>&nbsp;<\/p>\n<p>&nbsp;<\/p>\n<p>(kaikki sivuston kirjailijakuvat Harri Hakala)<\/p>\n","protected":false},"excerpt":{"rendered":"<p>Kun lukee, tahtoo kirjoittaa. Kun kirjoittaa, toivoo ett\u00e4 joku lukisi. Kun l\u00f6yt\u00e4\u00e4 kirjoittamalla hyvinvointia, haluaa samaa my\u00f6s muille. Ota kyn\u00e4 k\u00e4teen, laske se paperille ja ala kirjoittaa. Olet paras asiantuntija, kun kyse on sinusta. Jokainen osaa kirjoittaa itselleen hyvinvointia. Jos kirjoitat mieluummin ilman kyn\u00e4\u00e4, pimenn\u00e4 tai peit\u00e4 n\u00e4ytt\u00f6 ja anna n\u00e4ppiksen laulaa. Oivallus asuu virheiss\u00e4, &hellip; <a href=\"https:\/\/www.ihkunaabeli.net\/\" class=\"more-link\">Jatka artikkeliin <span class=\"screen-reader-text\">Etusivu<\/span><\/a><\/p>\n","protected":false},"author":1,"featured_media":363,"parent":0,"menu_order":0,"comment_status":"closed","ping_status":"open","template":"","meta":{"footnotes":""},"class_list":["post-235","page","type-page","status-publish","has-post-thumbnail","hentry"],"_links":{"self":[{"href":"https:\/\/www.ihkunaabeli.net\/index.php?rest_route=\/wp\/v2\/pages\/235","targetHints":{"allow":["GET"]}}],"collection":[{"href":"https:\/\/www.ihkunaabeli.net\/index.php?rest_route=\/wp\/v2\/pages"}],"about":[{"href":"https:\/\/www.ihkunaabeli.net\/index.php?rest_route=\/wp\/v2\/types\/page"}],"author":[{"embeddable":true,"href":"https:\/\/www.ihkunaabeli.net\/index.php?rest_route=\/wp\/v2\/users\/1"}],"replies":[{"embeddable":true,"href":"https:\/\/www.ihkunaabeli.net\/index.php?rest_route=%2Fwp%2Fv2%2Fcomments&post=235"}],"version-history":[{"count":10,"href":"https:\/\/www.ihkunaabeli.net\/index.php?rest_route=\/wp\/v2\/pages\/235\/revisions"}],"predecessor-version":[{"id":375,"href":"https:\/\/www.ihkunaabeli.net\/index.php?rest_route=\/wp\/v2\/pages\/235\/revisions\/375"}],"wp:featuredmedia":[{"embeddable":true,"href":"https:\/\/www.ihkunaabeli.net\/index.php?rest_route=\/wp\/v2\/media\/363"}],"wp:attachment":[{"href":"https:\/\/www.ihkunaabeli.net\/index.php?rest_route=%2Fwp%2Fv2%2Fmedia&parent=235"}],"curies":[{"name":"wp","href":"https:\/\/api.w.org\/{rel}","templated":true}]}}